{"id":3285,"date":"2023-11-30T23:59:44","date_gmt":"2023-11-30T21:59:44","guid":{"rendered":"https:\/\/aitooldetective.com\/?page_id=3285"},"modified":"2026-03-17T10:11:05","modified_gmt":"2026-03-17T08:11:05","slug":"affiliate-disclosure","status":"publish","type":"page","link":"https:\/\/aitooldetective.com\/fr\/affiliate-disclosure\/","title":{"rendered":"Divulgation de l'affiliation"},"content":{"rendered":"<p><strong><br \/>\nHere&#8217;s a affiliate disclosure worth reminding you of&#8230;.<\/strong><br \/>\nIl m'arrive de promouvoir, d'approuver et de sugg\u00e9rer des produits et\/ou des services \u00e0 vendre qui ne sont pas les miens. Ma recommandation est TOUJOURS fond\u00e9e sur ma conviction personnelle que le produit et son auteur fourniront des informations ou des services excellents et utiles. Cette conviction peut \u00eatre fond\u00e9e sur un examen de ce produit, sur ma relation personnelle ou professionnelle avec cette personne ou cette entreprise, et\/ou sur une exp\u00e9rience positive ant\u00e9rieure avec la personne ou l'entreprise dont je recommande le produit.<\/p>\n<p>Dans la plupart des cas, mais pas tous, je recevrai une commission si vous d\u00e9cidez d'acheter ce produit sur la base de ma recommandation. Dans certains cas, je recevrai le produit gratuitement \u00e0 des fins d'\u00e9valuation ou simplement pour l'utiliser. Dans la plupart des cas, j'ai utilis\u00e9 ce produit \u00e0 ma satisfaction personnelle dans le cadre de mon activit\u00e9 professionnelle.<\/p>\n<p><strong>IMPORTANT : <\/strong>Faites toujours TOUJOURS vos PROPRES v\u00e9rifications avant d'acheter quoi que ce soit, que je le recommande ou non. N'achetez jamais, JAMAIS, quelque chose que vous ne pouvez pas vous permettre. \u00c9vitez d'acheter des produits qui promettent des r\u00e9sultats ridicules, comme \"Devenir riche en cinq minutes\". La plupart des gens ne font rien avec les produits qu'ils ach\u00e8tent, et la plupart du temps, leurs r\u00e9sultats sont nuls.<\/p>\n<p><strong>Constantinos<\/p>\n<p><a href=\"https:\/\/hotdeal4all.com\/\" rel=\"noopener\" target=\"_blank\"><img decoding=\"async\" alt=\"\" src=\"https:\/\/aitooldetective.com\/mybanners\/icons\/me7.png\" style=\"height:100px; width:100px\" title=\"\"><\/a><br \/>\nP.S. : N'h\u00e9sitez pas \u00e0 me contacter directement si vous avez des questions. Vous pouvez m'envoyer un courriel <a href=\"mailto:costas@aitooldetective.com?subject=Support%20For%20MyLeadGenSecret\">ici<\/a><\/strong><\/p>","protected":false},"excerpt":{"rendered":"<p>Here&#8217;s a affiliate disclosure worth reminding you of&#8230;. From time to time, I promote, endorse and suggest products and\/or services for sale that are not my own. My recommendation is ALWAYS based on my personal belief that the product and it&#8217;s author will provide excellent and valuable information or service. This may be based on [&hellip;]<\/p>\n","protected":false},"author":1,"featured_media":0,"parent":0,"menu_order":0,"comment_status":"closed","ping_status":"closed","template":"","meta":{"footnotes":""},"class_list":["post-3285","page","type-page","status-publish","hentry"],"_links":{"self":[{"href":"https:\/\/aitooldetective.com\/fr\/wp-json\/wp\/v2\/pages\/3285","targetHints":{"allow":["GET"]}}],"collection":[{"href":"https:\/\/aitooldetective.com\/fr\/wp-json\/wp\/v2\/pages"}],"about":[{"href":"https:\/\/aitooldetective.com\/fr\/wp-json\/wp\/v2\/types\/page"}],"author":[{"embeddable":true,"href":"https:\/\/aitooldetective.com\/fr\/wp-json\/wp\/v2\/users\/1"}],"replies":[{"embeddable":true,"href":"https:\/\/aitooldetective.com\/fr\/wp-json\/wp\/v2\/comments?post=3285"}],"version-history":[{"count":1,"href":"https:\/\/aitooldetective.com\/fr\/wp-json\/wp\/v2\/pages\/3285\/revisions"}],"predecessor-version":[{"id":11492,"href":"https:\/\/aitooldetective.com\/fr\/wp-json\/wp\/v2\/pages\/3285\/revisions\/11492"}],"wp:attachment":[{"href":"https:\/\/aitooldetective.com\/fr\/wp-json\/wp\/v2\/media?parent=3285"}],"curies":[{"name":"wp","href":"https:\/\/api.w.org\/{rel}","templated":true}]}}