{"id":2669,"date":"2023-10-29T23:28:12","date_gmt":"2023-10-29T21:28:12","guid":{"rendered":"https:\/\/aitooldetective.com\/?page_id=2669"},"modified":"2023-10-29T23:28:35","modified_gmt":"2023-10-29T21:28:35","slug":"preferences-de-courrier-electronique","status":"publish","type":"page","link":"https:\/\/aitooldetective.com\/fr\/preferences-de-courrier-electronique\/","title":{"rendered":"Pr\u00e9f\u00e9rences de courrier \u00e9lectronique"},"content":{"rendered":"","protected":false},"excerpt":{"rendered":"","protected":false},"author":1,"featured_media":0,"parent":0,"menu_order":0,"comment_status":"closed","ping_status":"closed","template":"","meta":{"footnotes":""},"class_list":["post-2669","page","type-page","status-publish","hentry"],"_links":{"self":[{"href":"https:\/\/aitooldetective.com\/fr\/wp-json\/wp\/v2\/pages\/2669","targetHints":{"allow":["GET"]}}],"collection":[{"href":"https:\/\/aitooldetective.com\/fr\/wp-json\/wp\/v2\/pages"}],"about":[{"href":"https:\/\/aitooldetective.com\/fr\/wp-json\/wp\/v2\/types\/page"}],"author":[{"embeddable":true,"href":"https:\/\/aitooldetective.com\/fr\/wp-json\/wp\/v2\/users\/1"}],"replies":[{"embeddable":true,"href":"https:\/\/aitooldetective.com\/fr\/wp-json\/wp\/v2\/comments?post=2669"}],"version-history":[{"count":0,"href":"https:\/\/aitooldetective.com\/fr\/wp-json\/wp\/v2\/pages\/2669\/revisions"}],"wp:attachment":[{"href":"https:\/\/aitooldetective.com\/fr\/wp-json\/wp\/v2\/media?parent=2669"}],"curies":[{"name":"wp","href":"https:\/\/api.w.org\/{rel}","templated":true}]}}