{"id":1813,"date":"2023-06-20T21:02:47","date_gmt":"2023-06-20T21:02:47","guid":{"rendered":"https:\/\/aitooldetective.com\/?page_id=1813"},"modified":"2023-06-20T21:09:17","modified_gmt":"2023-06-20T21:09:17","slug":"se-connecter","status":"publish","type":"page","link":"https:\/\/aitooldetective.com\/fr\/se-connecter\/","title":{"rendered":"Connexion"},"content":{"rendered":"<h1>Connexion<\/h1>\n<p>acc\u00e9der \u00e0 vos cours achet\u00e9s<\/p>\n<p>Bienvenue freespiritsadmin<\/p>\n<p>\u00bb <a href=\"https:\/\/aitooldetective.com\/wp-admin\/profile.php\">D\u00e9tails de l&#039;adh\u00e9sion<\/a>\u00bb <a href=\"https:\/\/aitooldetective.com\/fr\/feed\/?wpmfeedkey=1;b0cd81e4b620a9bbb1f5b5178256017e\">Flux RSS<\/a>\u00bb <a href=\"https:\/\/aitooldetective.com\/fr\/wp-login.php\/?action=logout&#038;_wpnonce=55d7746561\">D\u00e9connexion<\/a><\/p>\n<p style=\"text-align: center;\">Copyright 2023, InfoGate4All<\/p>","protected":false},"excerpt":{"rendered":"<p>Login access your purchased courses Welcome freespiritsadmin &raquo; Membership Details&raquo; RSS Feed&raquo; Logout Copyright 2023, InfoGate4All<\/p>","protected":false},"author":1,"featured_media":0,"parent":0,"menu_order":0,"comment_status":"closed","ping_status":"closed","template":"","meta":{"footnotes":""},"class_list":["post-1813","page","type-page","status-publish","hentry"],"_links":{"self":[{"href":"https:\/\/aitooldetective.com\/fr\/wp-json\/wp\/v2\/pages\/1813","targetHints":{"allow":["GET"]}}],"collection":[{"href":"https:\/\/aitooldetective.com\/fr\/wp-json\/wp\/v2\/pages"}],"about":[{"href":"https:\/\/aitooldetective.com\/fr\/wp-json\/wp\/v2\/types\/page"}],"author":[{"embeddable":true,"href":"https:\/\/aitooldetective.com\/fr\/wp-json\/wp\/v2\/users\/1"}],"replies":[{"embeddable":true,"href":"https:\/\/aitooldetective.com\/fr\/wp-json\/wp\/v2\/comments?post=1813"}],"version-history":[{"count":0,"href":"https:\/\/aitooldetective.com\/fr\/wp-json\/wp\/v2\/pages\/1813\/revisions"}],"wp:attachment":[{"href":"https:\/\/aitooldetective.com\/fr\/wp-json\/wp\/v2\/media?parent=1813"}],"curies":[{"name":"wp","href":"https:\/\/api.w.org\/{rel}","templated":true}]}}