{"id":3285,"date":"2023-11-30T23:59:44","date_gmt":"2023-11-30T21:59:44","guid":{"rendered":"https:\/\/aitooldetective.com\/?page_id=3285"},"modified":"2026-03-17T10:11:05","modified_gmt":"2026-03-17T08:11:05","slug":"affiliate-disclosure","status":"publish","type":"page","link":"https:\/\/aitooldetective.com\/es\/affiliate-disclosure\/","title":{"rendered":"Declaraci\u00f3n de afiliaci\u00f3n"},"content":{"rendered":"<p><strong><br \/>\nHere&#8217;s a affiliate disclosure worth reminding you of&#8230;.<\/strong><br \/>\nDe vez en cuando, promociono, apruebo y sugiero productos y\/o servicios a la venta que no son m\u00edos. Mi recomendaci\u00f3n se basa SIEMPRE en mi creencia personal de que el producto y su autor proporcionar\u00e1n informaci\u00f3n o servicios excelentes y valiosos. Esto puede basarse en una revisi\u00f3n de ese producto, mi relaci\u00f3n personal o profesional con esa persona o empresa, y\/o una experiencia positiva previa con la persona o empresa cuyo producto estoy recomendando.<\/p>\n<p>En la mayor\u00eda de los casos, aunque no en todos, recibir\u00e9 una comisi\u00f3n si decides comprar el producto que te he recomendado. En algunos casos, voy a recibir el producto de forma gratuita para fines de revisi\u00f3n, o simplemente para usar. En la mayor\u00eda de los casos, he utilizado ese producto a mi satisfacci\u00f3n personal en mi propio negocio.<\/p>\n<p><strong>IMPORTANTE : <\/strong>Siempre Siempre SIEMPRE haga su PROPIA diligencia debida antes de hacer cualquier compra, tanto si la recomiendo como si no. Nunca, NUNCA compre nada que no se pueda permitir. Evite comprar productos que prometen resultados rid\u00edculos, como \"Hacerse asquerosamente rico en cinco minutos\". La mayor\u00eda de las personas no hacen nada con los productos que compran, y la mayor\u00eda de las veces, sus resultados son nulos.<\/p>\n<p><strong>Constantinos<\/p>\n<p><a href=\"https:\/\/hotdeal4all.com\/\" rel=\"noopener\" target=\"_blank\"><img decoding=\"async\" alt=\"\" src=\"https:\/\/aitooldetective.com\/mybanners\/icons\/me7.png\" style=\"height:100px; width:100px\" title=\"\"><\/a><br \/>\nP.D.: No dude en ponerse en contacto conmigo directamente si tiene alguna pregunta. Puede enviarme un correo electr\u00f3nico a <a href=\"mailto:costas@aitooldetective.com?subject=Support%20For%20MyLeadGenSecret\">aqu\u00ed<\/a><\/strong><\/p>","protected":false},"excerpt":{"rendered":"<p>Here&#8217;s a affiliate disclosure worth reminding you of&#8230;. From time to time, I promote, endorse and suggest products and\/or services for sale that are not my own. My recommendation is ALWAYS based on my personal belief that the product and it&#8217;s author will provide excellent and valuable information or service. This may be based on [&hellip;]<\/p>\n","protected":false},"author":1,"featured_media":0,"parent":0,"menu_order":0,"comment_status":"closed","ping_status":"closed","template":"","meta":{"footnotes":""},"class_list":["post-3285","page","type-page","status-publish","hentry"],"_links":{"self":[{"href":"https:\/\/aitooldetective.com\/es\/wp-json\/wp\/v2\/pages\/3285","targetHints":{"allow":["GET"]}}],"collection":[{"href":"https:\/\/aitooldetective.com\/es\/wp-json\/wp\/v2\/pages"}],"about":[{"href":"https:\/\/aitooldetective.com\/es\/wp-json\/wp\/v2\/types\/page"}],"author":[{"embeddable":true,"href":"https:\/\/aitooldetective.com\/es\/wp-json\/wp\/v2\/users\/1"}],"replies":[{"embeddable":true,"href":"https:\/\/aitooldetective.com\/es\/wp-json\/wp\/v2\/comments?post=3285"}],"version-history":[{"count":1,"href":"https:\/\/aitooldetective.com\/es\/wp-json\/wp\/v2\/pages\/3285\/revisions"}],"predecessor-version":[{"id":11492,"href":"https:\/\/aitooldetective.com\/es\/wp-json\/wp\/v2\/pages\/3285\/revisions\/11492"}],"wp:attachment":[{"href":"https:\/\/aitooldetective.com\/es\/wp-json\/wp\/v2\/media?parent=3285"}],"curies":[{"name":"wp","href":"https:\/\/api.w.org\/{rel}","templated":true}]}}