{"id":3285,"date":"2023-11-30T23:59:44","date_gmt":"2023-11-30T21:59:44","guid":{"rendered":"https:\/\/aitooldetective.com\/?page_id=3285"},"modified":"2026-03-17T10:11:05","modified_gmt":"2026-03-17T08:11:05","slug":"affiliate-disclosure","status":"publish","type":"page","link":"https:\/\/aitooldetective.com\/de\/affiliate-disclosure\/","title":{"rendered":"Offenlegung von Partnerschaften"},"content":{"rendered":"<p><strong><br \/>\nHere&#8217;s a affiliate disclosure worth reminding you of&#8230;.<\/strong><br \/>\nVon Zeit zu Zeit mache ich Werbung f\u00fcr Produkte und\/oder Dienstleistungen, die nicht meine eigenen sind, und empfehle sie zum Verkauf. Meine Empfehlung basiert IMMER auf meiner pers\u00f6nlichen \u00dcberzeugung, dass das Produkt und sein Autor hervorragende und wertvolle Informationen oder Dienstleistungen bieten. Dies kann auf einer Bewertung dieses Produkts, meiner pers\u00f6nlichen oder beruflichen Beziehung zu dieser Person oder Firma und\/oder einer fr\u00fcheren positiven Erfahrung mit der Person oder Firma beruhen, deren Produkt ich empfehle.<\/p>\n<p>In den meisten, aber nicht allen F\u00e4llen werde ich mit einer Provision entsch\u00e4digt, wenn Sie sich aufgrund meiner Empfehlung f\u00fcr den Kauf dieses Produkts entscheiden. In einigen F\u00e4llen erhalte ich das Produkt kostenlos zu Testzwecken oder einfach zur Verwendung. In den meisten F\u00e4llen habe ich das Produkt zu meiner pers\u00f6nlichen Zufriedenheit in meinem eigenen Unternehmen verwendet.<\/p>\n<p><strong>WICHTIG : <\/strong>Machen Sie IMMER IMMER Ihre EIGENE Sorgfaltspflicht, bevor Sie einen Kauf t\u00e4tigen, egal, ob ich ihn empfehle oder nicht. Kaufen Sie NIEMALS etwas, das Sie sich nicht leisten k\u00f6nnen. Vermeiden Sie den Kauf von Produkten, die absurde Ergebnisse versprechen, wie \u201eIn f\u00fcnf Minuten steinreich werden\u201c. Die meisten Leute tun nichts mit den Produkten, die sie kaufen, und die meiste Zeit sind ihre Ergebnisse gleich Null.<\/p>\n<p><strong>Konstantinos<\/p>\n<p><a href=\"https:\/\/hotdeal4all.com\/\" rel=\"noopener\" target=\"_blank\"><img decoding=\"async\" alt=\"\" src=\"https:\/\/aitooldetective.com\/mybanners\/icons\/me7.png\" style=\"height:100px; width:100px\" title=\"\"><\/a><br \/>\nPS: Z\u00f6gern Sie nicht, sich direkt an mich zu wenden, wenn Sie Fragen haben. Sie k\u00f6nnen mir eine E-Mail senden <a href=\"mailto:costas@aitooldetective.com?subject=Support%20For%20MyLeadGenSecret\">hier<\/a><\/strong><\/p>","protected":false},"excerpt":{"rendered":"<p>Here&#8217;s a affiliate disclosure worth reminding you of&#8230;. From time to time, I promote, endorse and suggest products and\/or services for sale that are not my own. My recommendation is ALWAYS based on my personal belief that the product and it&#8217;s author will provide excellent and valuable information or service. This may be based on [&hellip;]<\/p>\n","protected":false},"author":1,"featured_media":0,"parent":0,"menu_order":0,"comment_status":"closed","ping_status":"closed","template":"","meta":{"footnotes":""},"class_list":["post-3285","page","type-page","status-publish","hentry"],"_links":{"self":[{"href":"https:\/\/aitooldetective.com\/de\/wp-json\/wp\/v2\/pages\/3285","targetHints":{"allow":["GET"]}}],"collection":[{"href":"https:\/\/aitooldetective.com\/de\/wp-json\/wp\/v2\/pages"}],"about":[{"href":"https:\/\/aitooldetective.com\/de\/wp-json\/wp\/v2\/types\/page"}],"author":[{"embeddable":true,"href":"https:\/\/aitooldetective.com\/de\/wp-json\/wp\/v2\/users\/1"}],"replies":[{"embeddable":true,"href":"https:\/\/aitooldetective.com\/de\/wp-json\/wp\/v2\/comments?post=3285"}],"version-history":[{"count":1,"href":"https:\/\/aitooldetective.com\/de\/wp-json\/wp\/v2\/pages\/3285\/revisions"}],"predecessor-version":[{"id":11492,"href":"https:\/\/aitooldetective.com\/de\/wp-json\/wp\/v2\/pages\/3285\/revisions\/11492"}],"wp:attachment":[{"href":"https:\/\/aitooldetective.com\/de\/wp-json\/wp\/v2\/media?parent=3285"}],"curies":[{"name":"wp","href":"https:\/\/api.w.org\/{rel}","templated":true}]}}